{"id":1365,"date":"2019-04-30T14:43:55","date_gmt":"2019-04-30T14:43:55","guid":{"rendered":"http:\/\/www.farmazoo.com\/Wordpress\/?page_id=1365"},"modified":"2021-11-08T18:44:47","modified_gmt":"2021-11-08T18:44:47","slug":"politica-de-privacidad","status":"publish","type":"page","link":"http:\/\/www.farmazoo.com\/Wordpress\/politica-de-privacidad\/","title":{"rendered":"Pol\u00edtica de privacidad"},"content":{"rendered":"\r\n<p>POL\u00cdTICA DE PRIVACIDAD<\/p>\r\n<p>Informaci\u00f3n b\u00e1sica sobre Protecci\u00f3n de Datos<\/p>\r\n<table>\r\n<tbody>\r\n<tr>\r\n<td>\r\n<p><strong>Responsable<\/strong><\/p>\r\n<\/td>\r\n<td>\r\n<p>FARMAZOO ANIMAL HEALTH, S.L.<\/p>\r\n<\/td>\r\n<\/tr>\r\n<tr>\r\n<td>\r\n<p><strong>Finalidad<\/strong><\/p>\r\n<\/td>\r\n<td>\r\n<p>Gestionar, atender, procesar y realizar las diversas solicitudes y peticiones de los usuarios y clientes.\u00a0<\/p>\r\n<\/td>\r\n<\/tr>\r\n<tr>\r\n<td>\r\n<p><strong>Legitimaci\u00f3n<\/strong><\/p>\r\n<\/td>\r\n<td>\r\n<p>Consentimiento del interesado.\u00a0<\/p>\r\n<\/td>\r\n<\/tr>\r\n<tr>\r\n<td>\r\n<p><strong>Destinatarios<\/strong><\/p>\r\n<\/td>\r\n<td>\r\n<p>FARMAZOO ANIMAL HEALTH, S.L. y otras empresas y colaboradores encargados del tratamiento, tanto dentro como fuera de la UE, siempre acogidos a \u201cPrivacy Shield\u201d.\u00a0<\/p>\r\n<\/td>\r\n<\/tr>\r\n<tr>\r\n<td>\r\n<p><strong>Derechos<\/strong><\/p>\r\n<\/td>\r\n<td>\r\n<p>Acceder, rectificar, suprimir, portabilidad, limitaci\u00f3n del tratamiento y oposici\u00f3n de los datos, as\u00ed como otros derechos, como se explica en la informaci\u00f3n adicional.\u00a0<\/p>\r\n<\/td>\r\n<\/tr>\r\n<tr>\r\n<td>\r\n<p><strong>Informaci\u00f3n adicional<\/strong><\/p>\r\n<\/td>\r\n<td>\r\n<p>Puede consultar la informaci\u00f3n adicional y detallada sobre Protecci\u00f3n de Datos en nuestra p\u00e1gina web: farmazoo.es\/info\/privacidad-cookies.html<\/p>\r\n<\/td>\r\n<\/tr>\r\n<\/tbody>\r\n<\/table>\r\n<p>Informaci\u00f3n detallada y adicional de protecci\u00f3n de datos<\/p>\r\n<p>A continuaci\u00f3n, podr\u00e1 encontrar informaci\u00f3n detallada y clara sobre las pol\u00edticas de privacidad de FARMAZOO ANIMAL HEALTH, S.L.y las buenas pr\u00e1cticas llevadas a cabo con el fin de proteger al m\u00e1ximo la informaci\u00f3n del usuario y cliente.<\/p>\r\n<p>\u00bfQui\u00e9n es el Responsable del tratamiento de sus datos?<\/p>\r\n<p><strong>Identidad:\u00a0<\/strong>FARMAZOO ANIMAL HEALTH, S.L. con CIF B38572673<\/p>\r\n<p><strong>Direcci\u00f3n postal:<\/strong>\u00a0Poligono Industrial de G\u00fc\u00edmar, Manzana F, Parcela 4. 38509 Arafo. (Santa Cruz de Tenerife)<\/p>\r\n<p><strong>Tel\u00e9fono:<\/strong>\u00a0+34 922 513 780<\/p>\r\n<p><strong>Contacto delegado de Protecci\u00f3n de Datos:<\/strong>\u00a0administracion@farmazoo.es<\/p>\r\n<p>\u00bfCon qu\u00e9 finalidad tratamos sus datos personales?<\/p>\r\n<p>En FARMAZOO ANIMAL HEALTH, S.L. utilizamos y tratamos la informaci\u00f3n y datos que nos facilitan las personas interesadas con los siguientes fines:<\/p>\r\n<ul>\r\n<li>Gestionar y enviar la informaci\u00f3n que nos solicite por cualquier medio disponible.<\/li>\r\n<li>Facilitar informaci\u00f3n sobre los productos y servicios de la empresa que pueden llegar a ser de su inter\u00e9s.<\/li>\r\n<li>Realizar env\u00edos y comunicaciones comerciales por medios electr\u00f3nicos, correo electr\u00f3nico, mensajes de texto, redes sociales, entre otros medios digitales.<\/li>\r\n<li>Realizar perfiles comerciales en base a la informaci\u00f3n facilitada.<\/li>\r\n<li>Utilizar los datos con fines estad\u00edsticos, an\u00e1lisis y elaboraci\u00f3n de perfiles con el fin de ofrecer un mejor servicio.<\/li>\r\n<li>Gestionar comentarios y usuarios del blog<\/li>\r\n<li>Enviarle notificaciones por medio de correo electr\u00f3nico para informarle sobre modificaciones en nuestros servicios o productos.<\/li>\r\n<\/ul>\r\n<p>Le informamos que sus datos podr\u00e1n ser cedidos a otras empresas y colaboradores con el fin de facilitarle y realizarle los servicios solicitados. Tambi\u00e9n, es posible que sus datos sean cedidos a plataformas digitales con fines de poder mostrarle publicidad y anuncios digitales en base a sus datos y comportamiento.<\/p>\r\n<p>FARMAZOO ANIMAL HEALTH, S.L en funci\u00f3n de sus necesidades, lleva a cabo sus\u00a0 procesos de selecci\u00f3n de personal a trav\u00e9s de la contrataci\u00f3n de servicios profesionales externos dedicados a la gesti\u00f3n de recursos humanos. En raz\u00f3n a lo expuesto los datos personales contenidos en curr\u00edculum vitae no solicitados, recibidos por medios telem\u00e1ticos, incluidos formularios gen\u00e9ricos de contacto a trav\u00e9s de su p\u00e1gina web, no son objeto de tratamiento salvo el imprescindible asociado al proceso de eliminaci\u00f3n de esa informaci\u00f3n en todos sus soportes y con car\u00e1cter inmediato.<\/p>\r\n<p>\u00bfPor cu\u00e1nto tiempo conservamos sus datos?<\/p>\r\n<p>Los datos personales que nos proporcione, se conservaran y utilizar\u00e1n siempre que se mantenga la relaci\u00f3n mercantil, contractual, de atenci\u00f3n al cliente o no se solicite la supresi\u00f3n de los mismos por parte del interesado.<\/p>\r\n<p>Con car\u00e1cter general ser\u00e1n conservados durante los plazos de prescripci\u00f3n legal.<\/p>\r\n<p>\u00bfCu\u00e1l es la legitimaci\u00f3n para el tratamiento de sus datos?<\/p>\r\n<p>La legitimaci\u00f3n legal para el tratamiento de sus datos personales es la ejecuci\u00f3n del contrato de servicio o producto, as\u00ed como legitimaci\u00f3n y consentimiento dado por usted al aceptar la Pol\u00edtica de Privacidad, Aviso Legal y Condiciones del Servicio.<\/p>\r\n<p>El env\u00edo o la oferta prospectiva de productos y servicios est\u00e1 basado en el consentimiento que se le solicita al cumplimentar los diversos formularios disponibles en la web, sin que en ning\u00fan caso, la retirada de este consentimiento afecte a las condiciones o la ejecuci\u00f3n del contrato de servicio o producto.<\/p>\r\n<p>\u00bfA qu\u00e9 destinatarios se comunican y ceden sus datos?<\/p>\r\n<p>Los datos facilitados por usted se comunicar\u00e1n o podr\u00e1n comunicar a otras empresas de FARMAZOO ANIMAL HEALTH, S.L, colaboradores o terceras empresas para fines administrativos, para tramitar sus solicitudes, fines publicitarios o de marketing, fines estad\u00edsticos, adem\u00e1s del tratamiento de los datos personales por parte proveedores y empleados directamente vinculados con la empresa.<\/p>\r\n<p>FARMAZOO ANIMAL HEALTH, S.L. contrata y tiene su infraestructura digital y virtual bajo un modelo de computaci\u00f3n en la nube a trav\u00e9s de diversos servicios pero que se encuentran dentro de la Uni\u00f3n Europea o en su caso se encuentra bajo el amparo del acuerdo entre la Uni\u00f3n Europea y Estados Unidos de Privacy Shield (Escudo de Privacidad) y que puede encontrar informaci\u00f3n adicional en\u00a0<a href=\"https:\/\/www.privacyshield.gov\/\">https:\/\/www.privacyshield.gov\/<\/a>. Si desea conocer si sus datos han sido cedidos a terceros, puede ejercer sus derechos de acceso.<\/p>\r\n<p>\u00bfCu\u00e1les son sus derechos cuando nos facilita y cede sus datos?<\/p>\r\n<p>Tanto usted como cualquier persona, tiene derecho a obtener confirmaci\u00f3n sobre si en FARMAZOO ANIMAL HEALTH, S.L. estamos usando y tratando datos personales que les concierne, o no.<\/p>\r\n<p>Cualquier persona interesada tiene el derecho a acceder a sus datos personales, as\u00ed como a solicitar la rectificaci\u00f3n de los datos inexactos o, dado el caso, solicitar su supresi\u00f3n cuando, entre otros motivos, los datos ya no fueran necesarios para los fines u objetivos para los cuales fueron recogidos.<\/p>\r\n<p>En algunas circunstancias, los interesados podr\u00e1n solicitar a FARMAZOO ANIMAL HEALTH, S.L. la limitaci\u00f3n del tratamiento de los datos personales, en cuyo caso solamente se conservar\u00e1n para el ejercicio o la defensa de reclamaciones.<\/p>\r\n<p>Tambi\u00e9n existen situaciones en las que el interesado podr\u00e1 oponerse al tratamiento de sus datos. En ese caso, FARMAZOO ANIMAL HEALTH, S.L. dejar\u00e1 de utilizar y tratar los datos, salvo por motivos de leg\u00edtimos imperiosos, o el ejercicio o la defensa de posibles reclamaciones.<\/p>\r\n<p>En resumen, usted o el interesado pueden ejercer los derechos recogidos en el Reglamento General de Protecci\u00f3n de Datos (RGPD):<\/p>\r\n<ul>\r\n<li>Derecho a solicitar el acceso a los datos personales relativos al interesado<\/li>\r\n<li>Derecho a solicitar su rectificaci\u00f3n o supresi\u00f3n,<\/li>\r\n<li>Derecho a solicitar la limitaci\u00f3n de su tratamiento<\/li>\r\n<li>Derecho a oponerse al tratamiento,<\/li>\r\n<li>Derecho a la portabilidad de los datos.<\/li>\r\n<\/ul>\r\n<p>Podr\u00e1 ejercer libremente y de manera gratuita los derechos mencionados anteriormente ante FARMAZOO ANIMAL HEALTH, S.L, realizando una solicitud por escrito o por medios digitales, siempre que se obtenga registro de la recepci\u00f3n de la petici\u00f3n, identific\u00e1ndose con los documentos legalmente establecidos y vigentes (copias del DNI, pasaporte u otro documento de identidad v\u00e1lido), indicando claramente el derecho que se quiere ejercer y la direcci\u00f3n, as\u00ed como la forma, a los efectos de notificaci\u00f3n, enviado dicha petici\u00f3n a Pol\u00edgono Industrial de g\u00fc\u00edmar, manzana F, parcela 4. 38509, Arafo (Santa Cruz de Tenerife).<\/p>\r\n<p>Recordando igualmente, que tiene derecho a retirar en cualquier momento los consentimientos dados a FARMAZOO ANIMAL HEALTH, S.L, sin que esto afecte a la licitud del tratamiento basado en el consentimiento previo a su retirada.<\/p>\r\n<p>En el caso de ser necesario o que su petici\u00f3n no sea tramitada en los plazos y formas recogidas por las leyes y normativas vigentes, podr\u00e1 solicitar amparo ante la autoridad competencia, en este caso la Agencia Espa\u00f1ola de Protecci\u00f3n de Datos, podr\u00e1 encontrar la informaci\u00f3n detallada y podr\u00e1 ponerse en contacto con la misma a trav\u00e9s de la p\u00e1gina web\u00a0<a href=\"http:\/\/www.agpd.es\/\">http:\/\/www.agpd.es<\/a><\/p>\r\n<p>\u00bfC\u00f3mo hemos obtenido sus datos personales?<\/p>\r\n<p>Aunque la procedencia de los datos personales solamente debe ser informado en el caso de haber obtenido de una fuente diferente a la cesi\u00f3n directa del usuario, en FARMAZOO ANIMAL HEALTH, S.L. queremos informar de manera transparente que sus datos pueden haber sido obtenidos por los siguientes medios:<\/p>\r\n<ul>\r\n<li>Formularios de la web<\/li>\r\n<li>Correos electr\u00f3nicos<\/li>\r\n<li>Al dejar un comentario en el blog o p\u00e1gina web<\/li>\r\n<li>Usar la p\u00e1gina web o plataforma, recogiendo datos a trav\u00e9s de cookies propias y de terceros.<\/li>\r\n<li>Contacto con la empresa a trav\u00e9s de redes sociales y plataformas digitales<\/li>\r\n<\/ul>\r\n<p>En FARMAZOO ANIMAL HEALTH, S.L.no se tratan datos sensibles o especialmente protegidos.<\/p>\r\n<p>Fecha: 01\/09\/2019<br \/><br \/>Versi\u00f3n: 1<\/p>\r\n<p>&nbsp;<\/p>\r\n","protected":false},"excerpt":{"rendered":"<p>POL\u00cdTICA DE PRIVACIDAD Informaci\u00f3n b\u00e1sica sobre Protecci\u00f3n de Datos Responsable FARMAZOO ANIMAL HEALTH, S.L. Finalidad Gestionar, atender, procesar y realizar las diversas solicitudes y peticiones de los usuarios y clientes.\u00a0 Legitimaci\u00f3n Consentimiento del interesado.\u00a0 Destinatarios FARMAZOO ANIMAL HEALTH, S.L. y otras empresas y colaboradores encargados del tratamiento, tanto dentro como fuera de la UE, siempre [&hellip;]<\/p>\n","protected":false},"author":1,"featured_media":0,"parent":0,"menu_order":0,"comment_status":"closed","ping_status":"closed","template":"","meta":[],"yoast_head":"<!-- This site is optimized with the Yoast SEO plugin v15.2.1 - https:\/\/yoast.com\/wordpress\/plugins\/seo\/ -->\n<title>Pol\u00edtica de privacidad - Farmazoo<\/title>\n<meta name=\"robots\" content=\"index, follow, max-snippet:-1, max-image-preview:large, max-video-preview:-1\" \/>\n<link rel=\"canonical\" href=\"http:\/\/www.farmazoo.com\/Wordpress\/politica-de-privacidad\/\" \/>\n<meta property=\"og:locale\" content=\"es_ES\" \/>\n<meta property=\"og:type\" content=\"article\" \/>\n<meta property=\"og:title\" content=\"Pol\u00edtica de privacidad - Farmazoo\" \/>\n<meta property=\"og:description\" content=\"POL\u00cdTICA DE PRIVACIDAD Informaci\u00f3n b\u00e1sica sobre Protecci\u00f3n de Datos Responsable FARMAZOO ANIMAL HEALTH, S.L. Finalidad Gestionar, atender, procesar y realizar las diversas solicitudes y peticiones de los usuarios y clientes.\u00a0 Legitimaci\u00f3n Consentimiento del interesado.\u00a0 Destinatarios FARMAZOO ANIMAL HEALTH, S.L. y otras empresas y colaboradores encargados del tratamiento, tanto dentro como fuera de la UE, siempre [&hellip;]\" \/>\n<meta property=\"og:url\" content=\"http:\/\/www.farmazoo.com\/Wordpress\/politica-de-privacidad\/\" \/>\n<meta property=\"og:site_name\" content=\"Farmazoo\" \/>\n<meta property=\"article:publisher\" content=\"https:\/\/www.facebook.com\/Farmazoo-Animal-Health-233668346662667\/\" \/>\n<meta property=\"article:modified_time\" content=\"2021-11-08T18:44:47+00:00\" \/>\n<meta name=\"twitter:card\" content=\"summary_large_image\" \/>\n<meta name=\"twitter:creator\" content=\"@Farmazoo2\" \/>\n<meta name=\"twitter:site\" content=\"@Farmazoo2\" \/>\n<meta name=\"twitter:label1\" content=\"Escrito por\">\n\t<meta name=\"twitter:data1\" content=\"admin\">\n\t<meta name=\"twitter:label2\" content=\"Tiempo de lectura\">\n\t<meta name=\"twitter:data2\" content=\"6 minutos\">\n<script type=\"application\/ld+json\" class=\"yoast-schema-graph\">{\"@context\":\"https:\/\/schema.org\",\"@graph\":[{\"@type\":\"Organization\",\"@id\":\"http:\/\/www.farmazoo.com\/Wordpress\/#organization\",\"name\":\"Farmazoo Animal Health\",\"url\":\"http:\/\/www.farmazoo.com\/Wordpress\/\",\"sameAs\":[\"https:\/\/www.facebook.com\/Farmazoo-Animal-Health-233668346662667\/\",\"https:\/\/www.instagram.com\/farmazooah\/\",\"https:\/\/www.linkedin.com\/company\/farmazoo-animal-health\/\",\"https:\/\/www.youtube.com\/channel\/UCi2CvwPPbkn5pxZ_dIUOJKQ\",\"https:\/\/twitter.com\/Farmazoo2\"],\"logo\":{\"@type\":\"ImageObject\",\"@id\":\"http:\/\/www.farmazoo.com\/Wordpress\/#logo\",\"inLanguage\":\"es\",\"url\":\"http:\/\/www.farmazoo.com\/Wordpress\/wp-content\/uploads\/2019\/04\/FARMAZOO-logo.jpg\",\"width\":\"190\",\"height\":\"159\",\"caption\":\"Farmazoo Animal Health\"},\"image\":{\"@id\":\"http:\/\/www.farmazoo.com\/Wordpress\/#logo\"}},{\"@type\":\"WebSite\",\"@id\":\"http:\/\/www.farmazoo.com\/Wordpress\/#website\",\"url\":\"http:\/\/www.farmazoo.com\/Wordpress\/\",\"name\":\"Farmazoo\",\"description\":\"Animal Health\",\"publisher\":{\"@id\":\"http:\/\/www.farmazoo.com\/Wordpress\/#organization\"},\"potentialAction\":[{\"@type\":\"SearchAction\",\"target\":\"http:\/\/www.farmazoo.com\/Wordpress\/?s={search_term_string}\",\"query-input\":\"required name=search_term_string\"}],\"inLanguage\":\"es\"},{\"@type\":\"WebPage\",\"@id\":\"http:\/\/www.farmazoo.com\/Wordpress\/politica-de-privacidad\/#webpage\",\"url\":\"http:\/\/www.farmazoo.com\/Wordpress\/politica-de-privacidad\/\",\"name\":\"Pol\\u00edtica de privacidad - Farmazoo\",\"isPartOf\":{\"@id\":\"http:\/\/www.farmazoo.com\/Wordpress\/#website\"},\"datePublished\":\"2019-04-30T14:43:55+00:00\",\"dateModified\":\"2021-11-08T18:44:47+00:00\",\"inLanguage\":\"es\",\"potentialAction\":[{\"@type\":\"ReadAction\",\"target\":[\"http:\/\/www.farmazoo.com\/Wordpress\/politica-de-privacidad\/\"]}]}]}<\/script>\n<!-- \/ Yoast SEO plugin. -->","_links":{"self":[{"href":"http:\/\/www.farmazoo.com\/Wordpress\/wp-json\/wp\/v2\/pages\/1365"}],"collection":[{"href":"http:\/\/www.farmazoo.com\/Wordpress\/wp-json\/wp\/v2\/pages"}],"about":[{"href":"http:\/\/www.farmazoo.com\/Wordpress\/wp-json\/wp\/v2\/types\/page"}],"author":[{"embeddable":true,"href":"http:\/\/www.farmazoo.com\/Wordpress\/wp-json\/wp\/v2\/users\/1"}],"replies":[{"embeddable":true,"href":"http:\/\/www.farmazoo.com\/Wordpress\/wp-json\/wp\/v2\/comments?post=1365"}],"version-history":[{"count":2,"href":"http:\/\/www.farmazoo.com\/Wordpress\/wp-json\/wp\/v2\/pages\/1365\/revisions"}],"predecessor-version":[{"id":1492,"href":"http:\/\/www.farmazoo.com\/Wordpress\/wp-json\/wp\/v2\/pages\/1365\/revisions\/1492"}],"wp:attachment":[{"href":"http:\/\/www.farmazoo.com\/Wordpress\/wp-json\/wp\/v2\/media?parent=1365"}],"curies":[{"name":"wp","href":"https:\/\/api.w.org\/{rel}","templated":true}]}}